{"id":4734,"date":"2016-12-26T06:03:39","date_gmt":"2016-12-26T06:03:39","guid":{"rendered":"http:\/\/localhost\/winsome\/?page_id=4734"},"modified":"2018-12-18T11:22:41","modified_gmt":"2018-12-18T11:22:41","slug":"search-engine-optimized","status":"publish","type":"page","link":"https:\/\/kst-transportation.com\/de\/unsere-dienstleistungen\/suchmaschinenoptimiert\/","title":{"rendered":"Landtransport"},"content":{"rendered":"<h2>Wir verf\u00fcgen \u00fcber umfangreiche Erfahrung mit branchenspezifischen Logistikl\u00f6sungen auf dem Landweg, wie z. B. Pharmalogistik, Einzelhandel und Automobillogistik auf der Stra\u00dfe.<\/h2>","protected":false},"excerpt":{"rendered":"<p>Wir verf\u00fcgen \u00fcber umfangreiche Erfahrung mit branchenspezifischen Logistikl\u00f6sungen auf dem Landweg, wie z. B. Pharmalogistik, Einzelhandel und Automobillogistik auf der Stra\u00dfe.<\/p>","protected":false},"author":1,"featured_media":0,"parent":4724,"menu_order":0,"comment_status":"closed","ping_status":"closed","template":"","meta":{"footnotes":""},"_links":{"self":[{"href":"https:\/\/kst-transportation.com\/de\/wp-json\/wp\/v2\/pages\/4734"}],"collection":[{"href":"https:\/\/kst-transportation.com\/de\/wp-json\/wp\/v2\/pages"}],"about":[{"href":"https:\/\/kst-transportation.com\/de\/wp-json\/wp\/v2\/types\/page"}],"author":[{"embeddable":true,"href":"https:\/\/kst-transportation.com\/de\/wp-json\/wp\/v2\/users\/1"}],"replies":[{"embeddable":true,"href":"https:\/\/kst-transportation.com\/de\/wp-json\/wp\/v2\/comments?post=4734"}],"version-history":[{"count":0,"href":"https:\/\/kst-transportation.com\/de\/wp-json\/wp\/v2\/pages\/4734\/revisions"}],"up":[{"embeddable":true,"href":"https:\/\/kst-transportation.com\/de\/wp-json\/wp\/v2\/pages\/4724"}],"wp:attachment":[{"href":"https:\/\/kst-transportation.com\/de\/wp-json\/wp\/v2\/media?parent=4734"}],"curies":[{"name":"wp","href":"https:\/\/api.w.org\/{rel}","templated":true}]}}